{"id":14120,"date":"2019-12-30T20:19:38","date_gmt":"2019-12-30T19:19:38","guid":{"rendered":"https:\/\/www.auribell.de\/test-sluchu\/"},"modified":"2023-09-13T16:19:08","modified_gmt":"2023-09-13T14:19:08","slug":"test-sluchu","status":"publish","type":"page","link":"https:\/\/www.auribell.de\/pl\/test-sluchu\/","title":{"rendered":"Test s\u0142uchu"},"content":{"rendered":"\t\t<div data-elementor-type=\"wp-post\" data-elementor-id=\"14120\" class=\"elementor elementor-14120 elementor-798\" data-elementor-post-type=\"page\">\n\t\t\t\t\t\t<section class=\"elementor-section elementor-top-section elementor-element elementor-element-9e837c0 elementor-section-full_width elementor-section-height-default elementor-section-height-default\" data-id=\"9e837c0\" data-element_type=\"section\" data-e-type=\"section\">\n\t\t\t\t\t\t<div class=\"elementor-container elementor-column-gap-default\">\n\t\t\t\t\t<div class=\"elementor-column elementor-col-100 elementor-top-column elementor-element elementor-element-cefab88\" data-id=\"cefab88\" data-element_type=\"column\" data-e-type=\"column\">\n\t\t\t<div class=\"elementor-widget-wrap elementor-element-populated\">\n\t\t\t\t\t\t<div class=\"elementor-element elementor-element-0f25ba1 elementor-widget elementor-widget-heading\" data-id=\"0f25ba1\" data-element_type=\"widget\" data-e-type=\"widget\" data-widget_type=\"heading.default\">\n\t\t\t\t<div class=\"elementor-widget-container\">\n\t\t\t\t\t<h1 class=\"elementor-heading-title elementor-size-default\">Test s\u0142uchu online<\/h1>\t\t\t\t<\/div>\n\t\t\t\t<\/div>\n\t\t\t\t<div class=\"elementor-element elementor-element-1dfc252 elementor-widget elementor-widget-spacer\" data-id=\"1dfc252\" data-element_type=\"widget\" data-e-type=\"widget\" data-widget_type=\"spacer.default\">\n\t\t\t\t<div class=\"elementor-widget-container\">\n\t\t\t\t\t\t\t<div class=\"elementor-spacer\">\n\t\t\t<div class=\"elementor-spacer-inner\"><\/div>\n\t\t<\/div>\n\t\t\t\t\t\t<\/div>\n\t\t\t\t<\/div>\n\t\t\t\t<div class=\"elementor-element elementor-element-c1e1185 elementor-widget elementor-widget-image\" data-id=\"c1e1185\" data-element_type=\"widget\" data-e-type=\"widget\" data-widget_type=\"image.default\">\n\t\t\t\t<div class=\"elementor-widget-container\">\n\t\t\t\t\t\t\t\t\t\t\t\t\t\t\t<img decoding=\"async\" src=\"https:\/\/www.auribell.de\/wp-content\/uploads\/elementor\/thumbs\/AURIBELL_screener-nyin1s398thm2m1jj60i04bssi2xff2230qzfbytc0.png\" title=\"Badanie s\u0142uchu w Berlinie robisz w AURIBELL &#8211; Haus f\u00fcr feines H\u00f6ren\" alt=\"Test s\u0142uchu w Berlinie - r\u00f3wnie\u017c online w AURIBELL - Haus f\u00fcr feines H\u00f6ren\" loading=\"lazy\" \/>\t\t\t\t\t\t\t\t\t\t\t\t\t\t\t<\/div>\n\t\t\t\t<\/div>\n\t\t\t\t<div class=\"elementor-element elementor-element-6ee5d34 elementor-widget elementor-widget-text-editor\" data-id=\"6ee5d34\" data-element_type=\"widget\" data-e-type=\"widget\" data-widget_type=\"text-editor.default\">\n\t\t\t\t<div class=\"elementor-widget-container\">\n\t\t\t\t\t\t\t\t\t<p>Zacznij teraz i tutaj, bezpo\u015brednio z naszym testem s\u0142uchu online, aby dowiedzie\u0107 si\u0119, jak to jest z Twoim s\u0142uchem.<\/p>\n<p>Oczywi\u015bcie, test nie zast\u0119puje profesjonalnej audiometrii w naszym studio przez nas jako specjalist\u0119 audiologa lub diagnoz\u0119 przez lekarza laryngologicznego.<\/p>\n<p>Daje jednak wa\u017cne wskaz\u00f3wki dla twojego s\u0142uchu.<\/p>\n\t\t\t\t\t\t\t\t<\/div>\n\t\t\t\t<\/div>\n\t\t\t\t<div class=\"elementor-element elementor-element-7966777 elementor-widget elementor-widget-spacer\" data-id=\"7966777\" data-element_type=\"widget\" data-e-type=\"widget\" data-widget_type=\"spacer.default\">\n\t\t\t\t<div class=\"elementor-widget-container\">\n\t\t\t\t\t\t\t<div class=\"elementor-spacer\">\n\t\t\t<div class=\"elementor-spacer-inner\"><\/div>\n\t\t<\/div>\n\t\t\t\t\t\t<\/div>\n\t\t\t\t<\/div>\n\t\t\t\t<div class=\"elementor-element elementor-element-df4793d elementor-align-center elementor-widget elementor-widget-button\" data-id=\"df4793d\" data-element_type=\"widget\" data-e-type=\"widget\" data-widget_type=\"button.default\">\n\t\t\t\t<div class=\"elementor-widget-container\">\n\t\t\t\t\t\t\t\t\t<div class=\"elementor-button-wrapper\">\n\t\t\t\t\t<a class=\"elementor-button elementor-button-link elementor-size-xl\" href=\"https:\/\/hearing-screener.beyondhearing.org\/4JFOCC\" target=\"_blank\" rel=\"nofollow noopener\">\n\t\t\t\t\t\t<span class=\"elementor-button-content-wrapper\">\n\t\t\t\t\t\t\t\t\t<span class=\"elementor-button-text\">Wykonaj test<\/span>\n\t\t\t\t\t<\/span>\n\t\t\t\t\t<\/a>\n\t\t\t\t<\/div>\n\t\t\t\t\t\t\t\t<\/div>\n\t\t\t\t<\/div>\n\t\t\t\t\t<\/div>\n\t\t<\/div>\n\t\t\t\t\t<\/div>\n\t\t<\/section>\n\t\t\t\t<section class=\"elementor-section elementor-top-section elementor-element elementor-element-ada643c elementor-section-boxed elementor-section-height-default elementor-section-height-default\" data-id=\"ada643c\" data-element_type=\"section\" data-e-type=\"section\">\n\t\t\t\t\t\t<div class=\"elementor-container elementor-column-gap-default\">\n\t\t\t\t\t<div class=\"elementor-column elementor-col-50 elementor-top-column elementor-element elementor-element-16c7b7b\" data-id=\"16c7b7b\" data-element_type=\"column\" data-e-type=\"column\">\n\t\t\t<div class=\"elementor-widget-wrap elementor-element-populated\">\n\t\t\t\t\t\t<div class=\"elementor-element elementor-element-d3d7a1b elementor-widget elementor-widget-heading\" data-id=\"d3d7a1b\" data-element_type=\"widget\" data-e-type=\"widget\" data-widget_type=\"heading.default\">\n\t\t\t\t<div class=\"elementor-widget-container\">\n\t\t\t\t\t<h2 class=\"elementor-heading-title elementor-size-default\">Profesjonalna Audiometria - Wi\u0119cej ni\u017c tylko badanie s\u0142uchu<\/h2>\t\t\t\t<\/div>\n\t\t\t\t<\/div>\n\t\t\t\t<div class=\"elementor-element elementor-element-44978ef elementor-widget elementor-widget-text-editor\" data-id=\"44978ef\" data-element_type=\"widget\" data-e-type=\"widget\" data-widget_type=\"text-editor.default\">\n\t\t\t\t<div class=\"elementor-widget-container\">\n\t\t\t\t\t\t\t\t\t<p>Dla uzasadnionej oceny s\u0142uchu niezb\u0119dna jest kompleksowa audiometria w naszej firmie. Badanie s\u0142uchu jest przybli\u017con\u0105 procedur\u0105 przesiewow\u0105, kt\u00f3ra mo\u017ce da\u0107 wyra\u017ane wskazania na obecno\u015b\u0107 ubytku s\u0142uchu, ale nie jest wystarczaj\u0105ca jako podstawa do kompleksowej konsultacji i wdro\u017cenia dopasowania aparatu s\u0142uchowego.<\/p>\n\t\t\t\t\t\t\t\t<\/div>\n\t\t\t\t<\/div>\n\t\t\t\t<div class=\"elementor-element elementor-element-1416765 elementor-widget elementor-widget-heading\" data-id=\"1416765\" data-element_type=\"widget\" data-e-type=\"widget\" data-widget_type=\"heading.default\">\n\t\t\t\t<div class=\"elementor-widget-container\">\n\t\t\t\t\t<h2 class=\"elementor-heading-title elementor-size-default\">Audiometria tonalna<\/h2>\t\t\t\t<\/div>\n\t\t\t\t<\/div>\n\t\t\t\t<div class=\"elementor-element elementor-element-d7eb826 elementor-widget elementor-widget-text-editor\" data-id=\"d7eb826\" data-element_type=\"widget\" data-e-type=\"widget\" data-widget_type=\"text-editor.default\">\n\t\t\t\t<div class=\"elementor-widget-container\">\n\t\t\t\t\t\t\t\t\t<p>Tu chodzi o zdolno\u015b\u0107 s\u0142yszenia d\u017awi\u0119k\u00f3w. Chodzi o s\u0142yszenie &#8211; nie o zrozumienie.<\/p>\n<p>Czas trwania: ok. 30 minut<\/p>\n<p>Najdok\u0142adniejsze wyniki mo\u017cna uzyska\u0107, je\u015bli werbalnie zasygnalizujesz odpowiedni pr\u00f3g &#8222;stop&#8221;, a nie je\u015bli musisz naciska\u0107 przyciski, poniewa\u017c struny g\u0142osowe i usta reaguj\u0105 szybciej ni\u017c bardziej odleg\u0142a r\u0119ka lub palce &#8211; kwestia przekazywania bod\u017ac\u00f3w przez uk\u0142ad nerwowy.<\/p>\n\t\t\t\t\t\t\t\t<\/div>\n\t\t\t\t<\/div>\n\t\t\t\t<div class=\"elementor-element elementor-element-fccba99 elementor-widget elementor-widget-heading\" data-id=\"fccba99\" data-element_type=\"widget\" data-e-type=\"widget\" data-widget_type=\"heading.default\">\n\t\t\t\t<div class=\"elementor-widget-container\">\n\t\t\t\t\t<h3 class=\"elementor-heading-title elementor-size-default\">Pr\u00f3g s\u0142yszenia<\/h3>\t\t\t\t<\/div>\n\t\t\t\t<\/div>\n\t\t\t\t<div class=\"elementor-element elementor-element-5527620 elementor-widget elementor-widget-text-editor\" data-id=\"5527620\" data-element_type=\"widget\" data-e-type=\"widget\" data-widget_type=\"text-editor.default\">\n\t\t\t\t<div class=\"elementor-widget-container\">\n\t\t\t\t\t\t\t\t\t<p>Za pomoc\u0105 audiometru tonalnego i zazwyczaj odbiornika okre\u015blamy Tw\u00f3j pr\u00f3g s\u0142yszenia, czyli na jakim poziomie d\u017awi\u0119ku osobi\u015bcie zaczynasz s\u0142ysze\u0107 d\u017awi\u0119ki po raz pierwszy.<br \/>W tym celu u\u017cywamy ci\u0105g\u0142ych ton\u00f3w sinusoidalnych lub brzmi\u0105cych &#8211; je\u015bli masz szum w uszach i dlatego nie mo\u017cesz odr\u00f3\u017cni\u0107 ci\u0105g\u0142ego tonu sinusoidalnego od szumu w uszach lub nie z pewno\u015bci\u0105.<br \/>Zwykle okre\u015blamy pr\u00f3g s\u0142yszenia w 7 &#8211; 9 cz\u0119stotliwo\u015bciach mi\u0119dzy 125 a 8000 Hz.<\/p>\n\t\t\t\t\t\t\t\t<\/div>\n\t\t\t\t<\/div>\n\t\t\t\t<div class=\"elementor-element elementor-element-044998d elementor-widget elementor-widget-heading\" data-id=\"044998d\" data-element_type=\"widget\" data-e-type=\"widget\" data-widget_type=\"heading.default\">\n\t\t\t\t<div class=\"elementor-widget-container\">\n\t\t\t\t\t<h3 class=\"elementor-heading-title elementor-size-default\">Pr\u00f3g dyskomfortu<\/h3>\t\t\t\t<\/div>\n\t\t\t\t<\/div>\n\t\t\t\t<div class=\"elementor-element elementor-element-46a401d elementor-widget elementor-widget-text-editor\" data-id=\"46a401d\" data-element_type=\"widget\" data-e-type=\"widget\" data-widget_type=\"text-editor.default\">\n\t\t\t\t<div class=\"elementor-widget-container\">\n\t\t\t\t\t\t\t\t\t<p>W przypadku ton\u00f3w sinusoidalnych okre\u015blamy, na jakim poziomie d\u017awi\u0119ku g\u0142o\u015bne s\u0142yszenie staje si\u0119 niewygodne.<br \/>Pomiar ten jest zazwyczaj przeprowadzany w cz\u0119stotliwo\u015bciach 500, 1000, 2000 i 4000 Hz.<\/p>\n\t\t\t\t\t\t\t\t<\/div>\n\t\t\t\t<\/div>\n\t\t\t\t<div class=\"elementor-element elementor-element-49aca81 elementor-widget elementor-widget-heading\" data-id=\"49aca81\" data-element_type=\"widget\" data-e-type=\"widget\" data-widget_type=\"heading.default\">\n\t\t\t\t<div class=\"elementor-widget-container\">\n\t\t\t\t\t<h2 class=\"elementor-heading-title elementor-size-default\">Audiometria mowy<\/h2>\t\t\t\t<\/div>\n\t\t\t\t<\/div>\n\t\t\t\t<div class=\"elementor-element elementor-element-189803e elementor-widget elementor-widget-text-editor\" data-id=\"189803e\" data-element_type=\"widget\" data-e-type=\"widget\" data-widget_type=\"text-editor.default\">\n\t\t\t\t<div class=\"elementor-widget-container\">\n\t\t\t\t\t\t\t\t\t<p>Odt\u0105d wszystko zale\u017cy od rozumienia mowy.<\/p>\n<p>Dzi\u0119ki standaryzowanym testom j\u0119zykowym, np.dem testowi j\u0119zykowemu Freiburg lub r\u00f3\u017cnym testom zdaniowym, okre\u015blamy, ile mowy rozumiesz przy okre\u015blonych poziomach d\u017awi\u0119ku.<\/p><p>Poni\u017cej z grubsza opisujemy procedur\u0119 testu j\u0119zykowego we Fryburgu.<br><\/p>\t\t\t\t\t\t\t\t<\/div>\n\t\t\t\t<\/div>\n\t\t\t\t<div class=\"elementor-element elementor-element-0f24027 elementor-widget elementor-widget-heading\" data-id=\"0f24027\" data-element_type=\"widget\" data-e-type=\"widget\" data-widget_type=\"heading.default\">\n\t\t\t\t<div class=\"elementor-widget-container\">\n\t\t\t\t\t<h3 class=\"elementor-heading-title elementor-size-default\">Ubytek s\u0142uchu w przypadku mowy<\/h3>\t\t\t\t<\/div>\n\t\t\t\t<\/div>\n\t\t\t\t<div class=\"elementor-element elementor-element-552f159 elementor-widget elementor-widget-text-editor\" data-id=\"552f159\" data-element_type=\"widget\" data-e-type=\"widget\" data-widget_type=\"text-editor.default\">\n\t\t\t\t<div class=\"elementor-widget-container\">\n\t\t\t\t\t\t\t\t\t<p>Prezentujemy Ci j\u0119zyk polisylabowy (liczby 2-cyfrowe, np. o\u015bmio-i-trzydzie\u015bci lat, dziewi\u0119\u0107-i-dwa-ty, &#8230;), kt\u00f3ry musisz powt\u00f3rzy\u0107 w najlepszy mo\u017cliwy spos\u00f3b. Otrzymasz 1-2 grupy po 10 numer\u00f3w ka\u017cda.<br \/>Wynik wskazuje, o ile poziom d\u017awi\u0119ku musi by\u0107 wy\u017cszy, aby\u015b m\u00f3g\u0142 zrozumie\u0107 te same 50% mowy wielosylabowej, co normalne s\u0142yszenie.<\/p>\n\t\t\t\t\t\t\t\t<\/div>\n\t\t\t\t<\/div>\n\t\t\t\t<div class=\"elementor-element elementor-element-e3868f3 elementor-widget elementor-widget-heading\" data-id=\"e3868f3\" data-element_type=\"widget\" data-e-type=\"widget\" data-widget_type=\"heading.default\">\n\t\t\t\t<div class=\"elementor-widget-container\">\n\t\t\t\t\t<h3 class=\"elementor-heading-title elementor-size-default\">Pr\u00f3g dyskomfortu dla mowy<\/h3>\t\t\t\t<\/div>\n\t\t\t\t<\/div>\n\t\t\t\t<div class=\"elementor-element elementor-element-11bdeb4 elementor-widget elementor-widget-text-editor\" data-id=\"11bdeb4\" data-element_type=\"widget\" data-e-type=\"widget\" data-widget_type=\"text-editor.default\">\n\t\t\t\t<div class=\"elementor-widget-container\">\n\t\t\t\t\t\t\t\t\t<p>Ponownie przedstawiamy j\u0119zyk wielosylabowy w postaci liczb.<br \/>Ko\u0144czysz prezentacj\u0119 wyra\u017anym, werbalnym &#8222;stop&#8221;, gdy poziom d\u017awi\u0119ku staje si\u0119 dla Ciebie niewygodny.<\/p>\n\t\t\t\t\t\t\t\t<\/div>\n\t\t\t\t<\/div>\n\t\t\t\t<div class=\"elementor-element elementor-element-6733912 elementor-widget elementor-widget-heading\" data-id=\"6733912\" data-element_type=\"widget\" data-e-type=\"widget\" data-widget_type=\"heading.default\">\n\t\t\t\t<div class=\"elementor-widget-container\">\n\t\t\t\t\t<h3 class=\"elementor-heading-title elementor-size-default\">Utrata dyskryminacji<\/h3>\t\t\t\t<\/div>\n\t\t\t\t<\/div>\n\t\t\t\t<div class=\"elementor-element elementor-element-60a0597 elementor-widget elementor-widget-text-editor\" data-id=\"60a0597\" data-element_type=\"widget\" data-e-type=\"widget\" data-widget_type=\"text-editor.default\">\n\t\t\t\t<div class=\"elementor-widget-container\">\n\t\t\t\t\t\t\t\t\t<p>Prezentuj\u0105c i powtarzaj\u0105c s\u0142owa monosylabowe, okre\u015blamy ich utrat\u0119 rozr\u00f3\u017cniania, czyli utrat\u0119 rozumienia j\u0119zyka.<br \/>W zale\u017cno\u015bci od konstelacji Twojego ubytku s\u0142uchu b\u0119dzie odtwarzanych 3-1 grup po 20 s\u0142\u00f3w na ucho.<\/p>\n\t\t\t\t\t\t\t\t<\/div>\n\t\t\t\t<\/div>\n\t\t\t\t\t<\/div>\n\t\t<\/div>\n\t\t\t\t<div class=\"elementor-column elementor-col-50 elementor-top-column elementor-element elementor-element-8eb15c0\" data-id=\"8eb15c0\" data-element_type=\"column\" data-e-type=\"column\">\n\t\t\t<div class=\"elementor-widget-wrap\">\n\t\t\t\t\t\t\t<\/div>\n\t\t<\/div>\n\t\t\t\t\t<\/div>\n\t\t<\/section>\n\t\t\t\t<\/div>\n\t\t","protected":false},"excerpt":{"rendered":"<p>Test s\u0142uchu online Zacznij teraz i tutaj, bezpo\u015brednio z naszym testem s\u0142uchu online, aby dowiedzie\u0107 si\u0119, jak to jest z Twoim s\u0142uchem. Oczywi\u015bcie, test nie zast\u0119puje profesjonalnej audiometrii w naszym studio przez nas jako specjalist\u0119 audiologa lub diagnoz\u0119 przez lekarza laryngologicznego. Daje jednak wa\u017cne wskaz\u00f3wki dla twojego s\u0142uchu. Wykonaj test Profesjonalna Audiometria &#8211; Wi\u0119cej ni\u017c &#8230; <a title=\"Test s\u0142uchu\" class=\"read-more\" href=\"https:\/\/www.auribell.de\/pl\/test-sluchu\/\" aria-label=\"Dowiedz si\u0119 wi\u0119cej o Test s\u0142uchu\">Dowiedz si\u0119 wi\u0119cej<\/a><\/p>\n","protected":false},"author":3,"featured_media":0,"parent":0,"menu_order":510,"comment_status":"closed","ping_status":"closed","template":"","meta":{"_lmt_disableupdate":"","_lmt_disable":"","footnotes":""},"class_list":["post-14120","page","type-page","status-publish"],"amp_enabled":true,"_links":{"self":[{"href":"https:\/\/www.auribell.de\/pl\/wp-json\/wp\/v2\/pages\/14120","targetHints":{"allow":["GET"]}}],"collection":[{"href":"https:\/\/www.auribell.de\/pl\/wp-json\/wp\/v2\/pages"}],"about":[{"href":"https:\/\/www.auribell.de\/pl\/wp-json\/wp\/v2\/types\/page"}],"author":[{"embeddable":true,"href":"https:\/\/www.auribell.de\/pl\/wp-json\/wp\/v2\/users\/3"}],"replies":[{"embeddable":true,"href":"https:\/\/www.auribell.de\/pl\/wp-json\/wp\/v2\/comments?post=14120"}],"version-history":[{"count":0,"href":"https:\/\/www.auribell.de\/pl\/wp-json\/wp\/v2\/pages\/14120\/revisions"}],"wp:attachment":[{"href":"https:\/\/www.auribell.de\/pl\/wp-json\/wp\/v2\/media?parent=14120"}],"curies":[{"name":"wp","href":"https:\/\/api.w.org\/{rel}","templated":true}]}}