{"id":14191,"date":"2019-12-31T05:22:23","date_gmt":"2019-12-31T04:22:23","guid":{"rendered":"https:\/\/www.auribell.de\/strona-glowna\/"},"modified":"2023-07-10T02:22:49","modified_gmt":"2023-07-10T00:22:49","slug":"strona-glowna","status":"publish","type":"page","link":"https:\/\/www.auribell.de\/pl\/","title":{"rendered":"STRONA G\u0141\u00d3WNA"},"content":{"rendered":"\t\t<div data-elementor-type=\"wp-post\" data-elementor-id=\"14191\" class=\"elementor elementor-14191 elementor-7\" data-elementor-post-type=\"page\">\n\t\t\t\t\t\t<section class=\"elementor-section elementor-top-section elementor-element elementor-element-s39jcvq elementor-section-full_width elementor-section-height-default elementor-section-height-default\" data-id=\"s39jcvq\" data-element_type=\"section\" data-e-type=\"section\">\n\t\t\t\t\t\t<div class=\"elementor-container elementor-column-gap-no\">\n\t\t\t\t\t<div class=\"elementor-column elementor-col-100 elementor-top-column elementor-element elementor-element-u7n5s6m\" data-id=\"u7n5s6m\" data-element_type=\"column\" data-e-type=\"column\">\n\t\t\t<div class=\"elementor-widget-wrap elementor-element-populated\">\n\t\t\t\t\t\t<div class=\"elementor-element elementor-element-xu3b8n4 elementor-widget elementor-widget-spacer\" data-id=\"xu3b8n4\" data-element_type=\"widget\" data-e-type=\"widget\" data-widget_type=\"spacer.default\">\n\t\t\t\t<div class=\"elementor-widget-container\">\n\t\t\t\t\t\t\t<div class=\"elementor-spacer\">\n\t\t\t<div class=\"elementor-spacer-inner\"><\/div>\n\t\t<\/div>\n\t\t\t\t\t\t<\/div>\n\t\t\t\t<\/div>\n\t\t\t\t<div class=\"elementor-element elementor-element-54a8beb elementor--v-position-bottom elementor--h-position-center elementor-pagination-position-inside elementor-widget elementor-widget-slides\" data-id=\"54a8beb\" data-element_type=\"widget\" data-e-type=\"widget\" data-settings=\"{&quot;navigation&quot;:&quot;dots&quot;,&quot;autoplay_speed&quot;:7000,&quot;autoplay&quot;:&quot;yes&quot;,&quot;pause_on_hover&quot;:&quot;yes&quot;,&quot;pause_on_interaction&quot;:&quot;yes&quot;,&quot;infinite&quot;:&quot;yes&quot;,&quot;transition&quot;:&quot;slide&quot;,&quot;transition_speed&quot;:500}\" data-widget_type=\"slides.default\">\n\t\t\t\t<div class=\"elementor-widget-container\">\n\t\t\t\t\t\t\t\t\t<div class=\"elementor-swiper\">\n\t\t\t\t\t<div class=\"elementor-slides-wrapper elementor-main-swiper swiper\" role=\"region\" aria-roledescription=\"carousel\" aria-label=\"Slajdy\" dir=\"ltr\" data-animation=\"fadeInUp\">\n\t\t\t\t<div class=\"swiper-wrapper elementor-slides\">\n\t\t\t\t\t\t\t\t\t\t<div class=\"elementor-repeater-item-gdz5p9e swiper-slide\" role=\"group\" aria-roledescription=\"slide\"><div class=\"swiper-slide-bg\" role=\"img\" aria-label=\"H\u00f6rger\u00e4te Resound LiNX 3D mit iWatch und iPhone\"><\/div><div class=\"elementor-background-overlay\"><\/div><div class=\"swiper-slide-inner\" ><div class=\"swiper-slide-contents\"><div class=\"elementor-slide-heading\">ReSound LiNX 3D\u2122<\/div><div class=\"elementor-slide-description\"><p>6 generacji legendarnego systemu s\u0142uchowego Made for iPhone mo\u017ce teraz r\u00f3wnie\u017c u\u017cywa\u0107 ASHA dla AndroidOS. Przenosi inteligentne s\u0142yszenie na nowy poziom, dzi\u0119ki czemu osoby z ubytkiem s\u0142uchu mog\u0105 s\u0142ysze\u0107 wi\u0119cej, rozumie\u0107 wi\u0119cej, robi\u0107 wi\u0119cej i do\u015bwiadcza\u0107 wi\u0119cej w swoim \u017cyciu. <\/p>\n<\/div><div  class=\"elementor-button elementor-slide-button elementor-size-sm\">Dowiedz si\u0119 wi\u0119cej<\/div><\/div><\/div><\/div><div class=\"elementor-repeater-item-0432913 swiper-slide\" role=\"group\" aria-roledescription=\"slide\"><div class=\"swiper-slide-bg elementor-ken-burns elementor-ken-burns--in\" role=\"img\" aria-label=\"Signia Pure Charge\"><\/div><div class=\"elementor-background-overlay\"><\/div><div class=\"swiper-slide-inner\" ><div class=\"swiper-slide-contents\"><div class=\"elementor-slide-heading\">Spersonalizowane i po\u0142\u0105czone s\u0142yszenie <\/div><div class=\"elementor-slide-description\"><p>oznacza zupe\u0142nie nowy spos\u00f3b przetwarzania d\u017awi\u0119ku. Tworzy wyra\u017ane kontrasty w percepcji d\u017awi\u0119ku za pomoc\u0105 dw\u00f3ch oddzielnych procesor\u00f3w dla mowy i ha\u0142asu otoczenia.<\/p>\n<\/div><div  class=\"elementor-button elementor-slide-button elementor-size-sm\">Dowiedz si\u0119 wi\u0119cej<\/div><\/div><\/div><\/div><div class=\"elementor-repeater-item-656f9a6 swiper-slide\" role=\"group\" aria-roledescription=\"slide\"><div class=\"swiper-slide-bg\"><\/div><div class=\"swiper-slide-inner\" ><div class=\"swiper-slide-contents\"><div class=\"elementor-slide-heading\">Zarezerwuj bezp\u0142atn\u0105 wizyt\u0119 online ju\u017c teraz<\/div><div class=\"elementor-slide-description\"><p>Um\u00f3w si\u0119 na wizyt\u0119 natychmiast bezp\u0142atnie za po\u015brednictwem naszego internetowego planera spotka\u0144 z aparatami s\u0142uchowymi - konsultacja, dopasowanie, serwis. Ochrona s\u0142uchu lub inne us\u0142ugi.<\/p>\n<\/div><a href=\"https:\/\/www.auribell.de\/termin\/\" class=\"elementor-button elementor-slide-button elementor-size-sm\">UM\u00d3W SI\u0118 NA SPOTKANIE JU\u017b TERAZ<\/a><\/div><\/div><\/div><div class=\"elementor-repeater-item-vjzbkmx swiper-slide\" role=\"group\" aria-roledescription=\"slide\"><div class=\"swiper-slide-bg\" role=\"img\" aria-label=\"AURIBELL-Atelier\"><\/div><div class=\"swiper-slide-inner\" ><div class=\"swiper-slide-contents\"><div class=\"elementor-slide-description\"><p>Ekskluzywne, niemal niewidoczne miniaturowe systemy s\u0142uchowe.<br \/>\nDla Ciebie, wykonane na zam\u00f3wienie w naszej manufakturze.<\/p>\n<\/div><div  class=\"elementor-button elementor-slide-button elementor-size-sm\">Dowiedz si\u0119 wi\u0119cej<\/div><\/div><\/div><\/div><div class=\"elementor-repeater-item-9b62cc9 swiper-slide\" role=\"group\" aria-roledescription=\"slide\"><div class=\"swiper-slide-bg\" role=\"img\" aria-label=\"2 Widex Moment Aparaty s\u0142uchowe obok flakonu perfum\"><\/div><div class=\"swiper-slide-inner\" ><div class=\"swiper-slide-contents\"><div class=\"elementor-slide-heading\">Widex MOMENT<\/div><div class=\"elementor-slide-description\"><p>Nowa naturalno\u015b\u0107 s\u0142uchu<br \/>\nUltraszybkie przetwarzanie PureSound rewolucjonizuje d\u017awi\u0119k aparat\u00f3w s\u0142uchowych.<\/p>\n<\/div><div  class=\"elementor-button elementor-slide-button elementor-size-sm\">Dowiedz si\u0119 wi\u0119cej<\/div><\/div><\/div><\/div>\t\t\t\t<\/div>\n\t\t\t\t\t\t\t\t\t\t\t\t\t\t\t\t\t\t\t\t<div class=\"swiper-pagination\"><\/div>\n\t\t\t\t\t\t\t\t\t\t\t\t<\/div>\n\t\t\t\t<\/div>\n\t\t\t\t\t\t\t\t<\/div>\n\t\t\t\t<\/div>\n\t\t\t\t<section class=\"elementor-section elementor-inner-section elementor-element elementor-element-3dl08af elementor-section-boxed elementor-section-height-default elementor-section-height-default\" data-id=\"3dl08af\" data-element_type=\"section\" data-e-type=\"section\">\n\t\t\t\t\t\t<div class=\"elementor-container elementor-column-gap-default\">\n\t\t\t\t\t<div class=\"elementor-column elementor-col-33 elementor-inner-column elementor-element elementor-element-4s7gpv7\" data-id=\"4s7gpv7\" data-element_type=\"column\" data-e-type=\"column\">\n\t\t\t<div class=\"elementor-widget-wrap elementor-element-populated\">\n\t\t\t\t\t\t<div class=\"elementor-element elementor-element-jq729r2 elementor-position-top elementor-widget elementor-widget-image-box\" data-id=\"jq729r2\" data-element_type=\"widget\" data-e-type=\"widget\" data-widget_type=\"image-box.default\">\n\t\t\t\t<div class=\"elementor-widget-container\">\n\t\t\t\t\t<div class=\"elementor-image-box-wrapper\"><figure class=\"elementor-image-box-img\"><img fetchpriority=\"high\" decoding=\"async\" width=\"300\" height=\"341\" src=\"https:\/\/www.auribell.de\/wp-content\/uploads\/2019\/12\/AuriKids-Phonak-Sky-V-Familie-300.png\" class=\"elementor-animation-grow attachment-full size-full wp-image-13057\" alt=\"Aparaty s\u0142uchowe dla dzieci w r\u00f3\u017cnych kolorach i rozmiarach\" title=\"\" srcset=\"https:\/\/www.auribell.de\/wp-content\/uploads\/2019\/12\/AuriKids-Phonak-Sky-V-Familie-300.png 300w, https:\/\/www.auribell.de\/wp-content\/uploads\/2019\/12\/AuriKids-Phonak-Sky-V-Familie-300-264x300.png 264w\" sizes=\"(max-width: 300px) 100vw, 300px\" \/><\/figure><div class=\"elementor-image-box-content\"><h2 class=\"elementor-image-box-title\"><span style=\"color: #8A2237\">AURI<\/span><span style=\"color: #0000ff\">k<\/span><span style=\"color: #ff9900\">i<\/span><span style=\"color: #00ff00\">d<\/span><span style=\"color: #fe00ff\">s<\/span> <span style=\"color: #993366\"><\/h2><p class=\"elementor-image-box-description\">Aparaty s\u0142uchowe dla dzieci<\/p><\/div><\/div>\t\t\t\t<\/div>\n\t\t\t\t<\/div>\n\t\t\t\t\t<\/div>\n\t\t<\/div>\n\t\t\t\t<div class=\"elementor-column elementor-col-33 elementor-inner-column elementor-element elementor-element-l3q1nvj\" data-id=\"l3q1nvj\" data-element_type=\"column\" data-e-type=\"column\">\n\t\t\t<div class=\"elementor-widget-wrap elementor-element-populated\">\n\t\t\t\t\t\t<div class=\"elementor-element elementor-element-8e025fc elementor-position-top elementor-widget elementor-widget-image-box\" data-id=\"8e025fc\" data-element_type=\"widget\" data-e-type=\"widget\" data-widget_type=\"image-box.default\">\n\t\t\t\t<div class=\"elementor-widget-container\">\n\t\t\t\t\t<div class=\"elementor-image-box-wrapper\"><figure class=\"elementor-image-box-img\"><a href=\"https:\/\/www.auribell.de\/pl\/test-sluchu\/\" tabindex=\"-1\"><img decoding=\"async\" src=\"https:\/\/www.auribell.de\/wp-content\/uploads\/elementor\/thumbs\/auribell-screener-304x190px-1-oiwkkalp57ox7nzofl0o8jlxsfyxz3y1rrczac17gg.png\" title=\"auribell-screener-304x190px\" alt=\"Badanie s\u0142uchu odbywa si\u0119 w AURIBELL w Berlinie!\" class=\"elementor-animation-grow\" loading=\"lazy\" \/><\/a><\/figure><div class=\"elementor-image-box-content\"><h2 class=\"elementor-image-box-title\"><a href=\"https:\/\/www.auribell.de\/pl\/test-sluchu\/\">test s\u0142uchu online<\/a><\/h2><p class=\"elementor-image-box-description\">Sprawd\u017a sw\u00f3j s\u0142uch<\/p><\/div><\/div>\t\t\t\t<\/div>\n\t\t\t\t<\/div>\n\t\t\t\t\t<\/div>\n\t\t<\/div>\n\t\t\t\t<div class=\"elementor-column elementor-col-33 elementor-inner-column elementor-element elementor-element-rnoxiug\" data-id=\"rnoxiug\" data-element_type=\"column\" data-e-type=\"column\">\n\t\t\t<div class=\"elementor-widget-wrap elementor-element-populated\">\n\t\t\t\t\t\t<div class=\"elementor-element elementor-element-bdtp93j elementor-widget elementor-widget-heading\" data-id=\"bdtp93j\" data-element_type=\"widget\" data-e-type=\"widget\" data-widget_type=\"heading.default\">\n\t\t\t\t<div class=\"elementor-widget-container\">\n\t\t\t\t\t<h2 class=\"elementor-heading-title elementor-size-default\">SPOTKANIE<\/h2>\t\t\t\t<\/div>\n\t\t\t\t<\/div>\n\t\t\t\t<div class=\"elementor-element elementor-element-b2107f5 elementor-align-center elementor-widget elementor-widget-button\" data-id=\"b2107f5\" data-element_type=\"widget\" data-e-type=\"widget\" data-widget_type=\"button.default\">\n\t\t\t\t<div class=\"elementor-widget-container\">\n\t\t\t\t\t\t\t\t\t<div class=\"elementor-button-wrapper\">\n\t\t\t\t\t<a class=\"elementor-button elementor-button-link elementor-size-sm\" href=\"https:\/\/www.auribell.de\/termin\/\">\n\t\t\t\t\t\t<span class=\"elementor-button-content-wrapper\">\n\t\t\t\t\t\t<span class=\"elementor-button-icon\">\n\t\t\t\t<svg aria-hidden=\"true\" class=\"e-font-icon-svg e-far-calendar-alt\" viewBox=\"0 0 448 512\" xmlns=\"http:\/\/www.w3.org\/2000\/svg\"><path d=\"M148 288h-40c-6.6 0-12-5.4-12-12v-40c0-6.6 5.4-12 12-12h40c6.6 0 12 5.4 12 12v40c0 6.6-5.4 12-12 12zm108-12v-40c0-6.6-5.4-12-12-12h-40c-6.6 0-12 5.4-12 12v40c0 6.6 5.4 12 12 12h40c6.6 0 12-5.4 12-12zm96 0v-40c0-6.6-5.4-12-12-12h-40c-6.6 0-12 5.4-12 12v40c0 6.6 5.4 12 12 12h40c6.6 0 12-5.4 12-12zm-96 96v-40c0-6.6-5.4-12-12-12h-40c-6.6 0-12 5.4-12 12v40c0 6.6 5.4 12 12 12h40c6.6 0 12-5.4 12-12zm-96 0v-40c0-6.6-5.4-12-12-12h-40c-6.6 0-12 5.4-12 12v40c0 6.6 5.4 12 12 12h40c6.6 0 12-5.4 12-12zm192 0v-40c0-6.6-5.4-12-12-12h-40c-6.6 0-12 5.4-12 12v40c0 6.6 5.4 12 12 12h40c6.6 0 12-5.4 12-12zm96-260v352c0 26.5-21.5 48-48 48H48c-26.5 0-48-21.5-48-48V112c0-26.5 21.5-48 48-48h48V12c0-6.6 5.4-12 12-12h40c6.6 0 12 5.4 12 12v52h128V12c0-6.6 5.4-12 12-12h40c6.6 0 12 5.4 12 12v52h48c26.5 0 48 21.5 48 48zm-48 346V160H48v298c0 3.3 2.7 6 6 6h340c3.3 0 6-2.7 6-6z\"><\/path><\/svg>\t\t\t<\/span>\n\t\t\t\t\t\t\t\t\t<span class=\"elementor-button-text\">Um\u00f3w si\u0119 na wizyt\u0119<\/span>\n\t\t\t\t\t<\/span>\n\t\t\t\t\t<\/a>\n\t\t\t\t<\/div>\n\t\t\t\t\t\t\t\t<\/div>\n\t\t\t\t<\/div>\n\t\t\t\t<div class=\"elementor-element elementor-element-b078a20 elementor-widget elementor-widget-heading\" data-id=\"b078a20\" data-element_type=\"widget\" data-e-type=\"widget\" data-widget_type=\"heading.default\">\n\t\t\t\t<div class=\"elementor-widget-container\">\n\t\t\t\t\t<h2 class=\"elementor-heading-title elementor-size-default\">Kontakt<\/h2>\t\t\t\t<\/div>\n\t\t\t\t<\/div>\n\t\t\t\t<div class=\"elementor-element elementor-element-508e4e7 elementor-align-center elementor-widget elementor-widget-button\" data-id=\"508e4e7\" data-element_type=\"widget\" data-e-type=\"widget\" data-widget_type=\"button.default\">\n\t\t\t\t<div class=\"elementor-widget-container\">\n\t\t\t\t\t\t\t\t\t<div class=\"elementor-button-wrapper\">\n\t\t\t\t\t<a class=\"elementor-button elementor-button-link elementor-size-sm\" href=\"tel:+493088916461\">\n\t\t\t\t\t\t<span class=\"elementor-button-content-wrapper\">\n\t\t\t\t\t\t<span class=\"elementor-button-icon\">\n\t\t\t\t\t\t\t\t\t<i class=\"fa fa-phone\" aria-hidden=\"true\"><\/i>\n\t\t\t\t\t\t\t<\/span>\n\t\t\t\t\t\t\t\t\t<span class=\"elementor-button-text\">030 88 91 64 61<\/span>\n\t\t\t\t\t<\/span>\n\t\t\t\t\t<\/a>\n\t\t\t\t<\/div>\n\t\t\t\t\t\t\t\t<\/div>\n\t\t\t\t<\/div>\n\t\t\t\t<div class=\"elementor-element elementor-element-9e5a624 elementor-align-center elementor-widget elementor-widget-button\" data-id=\"9e5a624\" data-element_type=\"widget\" data-e-type=\"widget\" data-widget_type=\"button.default\">\n\t\t\t\t<div class=\"elementor-widget-container\">\n\t\t\t\t\t\t\t\t\t<div class=\"elementor-button-wrapper\">\n\t\t\t\t\t<a class=\"elementor-button elementor-button-link elementor-size-sm\" href=\"https:\/\/www.auribell.de\/pl\/kontakt\/\">\n\t\t\t\t\t\t<span class=\"elementor-button-content-wrapper\">\n\t\t\t\t\t\t<span class=\"elementor-button-icon\">\n\t\t\t\t<svg aria-hidden=\"true\" class=\"e-font-icon-svg e-far-envelope\" viewBox=\"0 0 512 512\" xmlns=\"http:\/\/www.w3.org\/2000\/svg\"><path d=\"M464 64H48C21.49 64 0 85.49 0 112v288c0 26.51 21.49 48 48 48h416c26.51 0 48-21.49 48-48V112c0-26.51-21.49-48-48-48zm0 48v40.805c-22.422 18.259-58.168 46.651-134.587 106.49-16.841 13.247-50.201 45.072-73.413 44.701-23.208.375-56.579-31.459-73.413-44.701C106.18 199.465 70.425 171.067 48 152.805V112h416zM48 400V214.398c22.914 18.251 55.409 43.862 104.938 82.646 21.857 17.205 60.134 55.186 103.062 54.955 42.717.231 80.509-37.199 103.053-54.947 49.528-38.783 82.032-64.401 104.947-82.653V400H48z\"><\/path><\/svg>\t\t\t<\/span>\n\t\t\t\t\t\t\t\t\t<span class=\"elementor-button-text\">Napisz wiadomo\u015b\u0107<\/span>\n\t\t\t\t\t<\/span>\n\t\t\t\t\t<\/a>\n\t\t\t\t<\/div>\n\t\t\t\t\t\t\t\t<\/div>\n\t\t\t\t<\/div>\n\t\t\t\t\t<\/div>\n\t\t<\/div>\n\t\t\t\t\t<\/div>\n\t\t<\/section>\n\t\t\t\t<section class=\"elementor-section elementor-inner-section elementor-element elementor-element-f54eexs elementor-section-boxed elementor-section-height-default elementor-section-height-default\" data-id=\"f54eexs\" data-element_type=\"section\" data-e-type=\"section\">\n\t\t\t\t\t\t<div class=\"elementor-container elementor-column-gap-default\">\n\t\t\t\t\t<div class=\"elementor-column elementor-col-33 elementor-inner-column elementor-element elementor-element-laepmw2\" data-id=\"laepmw2\" data-element_type=\"column\" data-e-type=\"column\">\n\t\t\t<div class=\"elementor-widget-wrap elementor-element-populated\">\n\t\t\t\t\t\t<div class=\"elementor-element elementor-element-8hps1bq elementor-widget elementor-widget-heading\" data-id=\"8hps1bq\" data-element_type=\"widget\" data-e-type=\"widget\" data-widget_type=\"heading.default\">\n\t\t\t\t<div class=\"elementor-widget-container\">\n\t\t\t\t\t<h2 class=\"elementor-heading-title elementor-size-default\">Kim jeste\u015bmy<\/h2>\t\t\t\t<\/div>\n\t\t\t\t<\/div>\n\t\t\t\t<div class=\"elementor-element elementor-element-giioejp elementor-widget elementor-widget-text-editor\" data-id=\"giioejp\" data-element_type=\"widget\" data-e-type=\"widget\" data-widget_type=\"text-editor.default\">\n\t\t\t\t<div class=\"elementor-widget-container\">\n\t\t\t\t\t\t\t\t\t<p>Jeste\u015bmy protetykami s\u0142uchu &#8211; mistrzami stolicy Berlina! Jako wychowawcy zajmujemy si\u0119 r\u00f3wnie\u017c opiek\u0105 nad dzie\u0107mi. Jako akustyk pediatryczny dbamy r\u00f3wnie\u017c o opiek\u0119 nad aparatami s\u0142uchowymi dla dzieci. A jako akustycy i audiolodzy jeste\u015bmy zawsze na bie\u017c\u0105co z najnowsz\u0105 wiedz\u0105.<br \/>Nasz instytut znajduje si\u0119 w sercu pi\u0119knej dzielnicy Charlottenburg &#8211; Wilmersdorf.<\/p>\n\t\t\t\t\t\t\t\t<\/div>\n\t\t\t\t<\/div>\n\t\t\t\t\t<\/div>\n\t\t<\/div>\n\t\t\t\t<div class=\"elementor-column elementor-col-33 elementor-inner-column elementor-element elementor-element-4zshvy0\" data-id=\"4zshvy0\" data-element_type=\"column\" data-e-type=\"column\">\n\t\t\t<div class=\"elementor-widget-wrap elementor-element-populated\">\n\t\t\t\t\t\t<div class=\"elementor-element elementor-element-4c8p9fs elementor-widget elementor-widget-heading\" data-id=\"4c8p9fs\" data-element_type=\"widget\" data-e-type=\"widget\" data-widget_type=\"heading.default\">\n\t\t\t\t<div class=\"elementor-widget-container\">\n\t\t\t\t\t<h2 class=\"elementor-heading-title elementor-size-default\">Co robimy<\/h2>\t\t\t\t<\/div>\n\t\t\t\t<\/div>\n\t\t\t\t<div class=\"elementor-element elementor-element-9bzalk2 elementor-widget elementor-widget-text-editor\" data-id=\"9bzalk2\" data-element_type=\"widget\" data-e-type=\"widget\" data-widget_type=\"text-editor.default\">\n\t\t\t\t<div class=\"elementor-widget-container\">\n\t\t\t\t\t\t\t\t\t<div id=\"cc-m-10347019422\">\n<p>Zapewniamy jako\u015b\u0107 \u017cycia, utrzymujemy lub przywracamy Twoje umiej\u0119tno\u015bci komunikacji akustycznej.<br \/>Zapobiegamy konfliktom s\u0142uchowo-spo\u0142ecznym i je ograniczamy.<br \/>Korzystanie z aparat\u00f3w s\u0142uchowych w znacznym stopniu zapobiega chorobom ot\u0119piennym.<\/p>\n<\/div>\n\t\t\t\t\t\t\t\t<\/div>\n\t\t\t\t<\/div>\n\t\t\t\t\t<\/div>\n\t\t<\/div>\n\t\t\t\t<div class=\"elementor-column elementor-col-33 elementor-inner-column elementor-element elementor-element-j17z1wj\" data-id=\"j17z1wj\" data-element_type=\"column\" data-e-type=\"column\">\n\t\t\t<div class=\"elementor-widget-wrap elementor-element-populated\">\n\t\t\t\t\t\t<div class=\"elementor-element elementor-element-laoomj9 elementor-widget elementor-widget-heading\" data-id=\"laoomj9\" data-element_type=\"widget\" data-e-type=\"widget\" data-widget_type=\"heading.default\">\n\t\t\t\t<div class=\"elementor-widget-container\">\n\t\t\t\t\t<h2 class=\"elementor-heading-title elementor-size-default\">Kochamy to, co robimy<\/h2>\t\t\t\t<\/div>\n\t\t\t\t<\/div>\n\t\t\t\t<div class=\"elementor-element elementor-element-9qphclg elementor-widget elementor-widget-text-editor\" data-id=\"9qphclg\" data-element_type=\"widget\" data-e-type=\"widget\" data-widget_type=\"text-editor.default\">\n\t\t\t\t<div class=\"elementor-widget-container\">\n\t\t\t\t\t\t\t\t\t<p><strong>Protetyk s\u0142uchu z dusz\u0105 i pasj\u0105.<\/strong> Tylko wtedy, gdy s\u0105 ca\u0142kowicie spe\u0142nione jeste\u015bmy. B\u0119d\u0105c tutaj osobi\u015bcie, wiedz\u0105c, \u017ce wiesz, \u017ce znamy Twoje potrzeby i \u017ce naprawd\u0119 si\u0119 o nich troszczymy i je wype\u0142niamy. Uwielbiamy akustyk\u0119!<\/p>\n\t\t\t\t\t\t\t\t<\/div>\n\t\t\t\t<\/div>\n\t\t\t\t\t<\/div>\n\t\t<\/div>\n\t\t\t\t\t<\/div>\n\t\t<\/section>\n\t\t\t\t<section class=\"elementor-section elementor-inner-section elementor-element elementor-element-72oqsns elementor-section-boxed elementor-section-height-default elementor-section-height-default\" data-id=\"72oqsns\" data-element_type=\"section\" data-e-type=\"section\">\n\t\t\t\t\t\t<div class=\"elementor-container elementor-column-gap-default\">\n\t\t\t\t\t<div class=\"elementor-column elementor-col-100 elementor-inner-column elementor-element elementor-element-295bfb6\" data-id=\"295bfb6\" data-element_type=\"column\" data-e-type=\"column\">\n\t\t\t<div class=\"elementor-widget-wrap\">\n\t\t\t\t\t\t\t<\/div>\n\t\t<\/div>\n\t\t\t\t\t<\/div>\n\t\t<\/section>\n\t\t\t\t<section class=\"elementor-section elementor-inner-section elementor-element elementor-element-d8980d7 elementor-section-boxed elementor-section-height-default elementor-section-height-default\" data-id=\"d8980d7\" data-element_type=\"section\" data-e-type=\"section\">\n\t\t\t\t\t\t<div class=\"elementor-container elementor-column-gap-default\">\n\t\t\t\t\t<div class=\"elementor-column elementor-col-33 elementor-inner-column elementor-element elementor-element-1f0dc6e\" data-id=\"1f0dc6e\" data-element_type=\"column\" data-e-type=\"column\">\n\t\t\t<div class=\"elementor-widget-wrap elementor-element-populated\">\n\t\t\t\t\t\t\t<\/div>\n\t\t<\/div>\n\t\t\t\t<div class=\"elementor-column elementor-col-33 elementor-inner-column elementor-element elementor-element-8fc36e6\" data-id=\"8fc36e6\" data-element_type=\"column\" data-e-type=\"column\">\n\t\t\t<div class=\"elementor-widget-wrap elementor-element-populated\">\n\t\t\t\t\t\t<div class=\"elementor-element elementor-element-08e6f68 elementor-widget elementor-widget-heading\" data-id=\"08e6f68\" data-element_type=\"widget\" data-e-type=\"widget\" data-widget_type=\"heading.default\">\n\t\t\t\t<div class=\"elementor-widget-container\">\n\t\t\t\t\t<h1 class=\"elementor-heading-title elementor-size-default\">Aparaty S\u0142uchowe<\/h1>\t\t\t\t<\/div>\n\t\t\t\t<\/div>\n\t\t\t\t<div class=\"elementor-element elementor-element-62b7f42 elementor-widget elementor-widget-text-editor\" data-id=\"62b7f42\" data-element_type=\"widget\" data-e-type=\"widget\" data-widget_type=\"text-editor.default\">\n\t\t\t\t<div class=\"elementor-widget-container\">\n\t\t\t\t\t\t\t\t\t<p>Dzisiejsze aparaty s\u0142uchowe to zminiaturyzowane, wysokowydajne komputery s\u0142uchowe, dotyczy to zar\u00f3wno <a href=\"https:\/\/www.auribell.de\/portfolio\/hinter-dem-ohr-hoergeraete\/?swcfpc=1\">aparat\u00f3w zausznych<\/a>, <a href=\"https:\/\/www.auribell.de\/portfolio\/im-ohr-hoergeraete\/?swcfpc=1\">aparat\u00f3w wewn\u0105trzusznych<\/a>, czy te\u017c implant\u00f3w s\u0142uchowych. Zastosowane mikroprocesory s\u0105 najbardziej wydajne na tej planecie pod wzgl\u0119dem liczby operacji obliczeniowych z pewnej ilo\u015bci energii. Musi tak by\u0107, poniewa\u017c mog\u0105 mie\u0107 tylko bardzo ograniczon\u0105 ilo\u015b\u0107 energii, kt\u00f3r\u0105 przenosz\u0105 do klasycznej baterii lub nowoczesnej baterii litowej.<br \/>Maj\u0105 punkt po\u0142\u0105czenia Bluetooth prawie tak samo standardowo, dzi\u0119ki czemu strumieniowe przesy\u0142anie d\u017awi\u0119ku, telefonia, aplikacje zwi\u0105zane ze zdrowiem i bezpiecze\u0144stwem ju\u017c dawno sta\u0142y si\u0119 rzeczywisto\u015bci\u0105 w aparacie s\u0142uchowym. Zamiast zwyk\u0142ych 6 godzin, jak w przypadku zwyk\u0142ego s\u0142uchacza Blutooth InEar, trwaj\u0105 kilka dni.<\/p>\n<p>Oferujemy kompleksowe portfolio producent\u00f3w, ale nie ograniczamy wyboru producent\u00f3w aparat\u00f3w s\u0142uchowych, jak niekt\u00f3re sieci sklep\u00f3w z aparatami s\u0142uchowymi, do kilku marek. Z nami otrzymujesz aparaty s\u0142uchowe wszystkich znanych marek, szczeg\u00f3lnie precyzyjnie dopasowane.<\/p>\n\t\t\t\t\t\t\t\t<\/div>\n\t\t\t\t<\/div>\n\t\t\t\t\t<\/div>\n\t\t<\/div>\n\t\t\t\t<div class=\"elementor-column elementor-col-33 elementor-inner-column elementor-element elementor-element-20e1779\" data-id=\"20e1779\" data-element_type=\"column\" data-e-type=\"column\">\n\t\t\t<div class=\"elementor-widget-wrap elementor-element-populated\">\n\t\t\t\t\t\t\t<\/div>\n\t\t<\/div>\n\t\t\t\t\t<\/div>\n\t\t<\/section>\n\t\t\t\t\t<\/div>\n\t\t<\/div>\n\t\t\t\t\t<\/div>\n\t\t<\/section>\n\t\t\t\t<\/div>\n\t\t","protected":false},"excerpt":{"rendered":"<p>ReSound LiNX 3D\u2122 6 generacji legendarnego systemu s\u0142uchowego Made for iPhone mo\u017ce teraz r\u00f3wnie\u017c u\u017cywa\u0107 ASHA dla AndroidOS. Przenosi inteligentne s\u0142yszenie na nowy poziom, dzi\u0119ki czemu osoby z ubytkiem s\u0142uchu mog\u0105 s\u0142ysze\u0107 wi\u0119cej, rozumie\u0107 wi\u0119cej, robi\u0107 wi\u0119cej i do\u015bwiadcza\u0107 wi\u0119cej w swoim \u017cyciu. Dowiedz si\u0119 wi\u0119cejSpersonalizowane i po\u0142\u0105czone s\u0142yszenie oznacza zupe\u0142nie nowy spos\u00f3b przetwarzania d\u017awi\u0119ku. &#8230; <a title=\"STRONA G\u0141\u00d3WNA\" class=\"read-more\" href=\"https:\/\/www.auribell.de\/pl\/\" aria-label=\"Dowiedz si\u0119 wi\u0119cej o STRONA G\u0141\u00d3WNA\">Dowiedz si\u0119 wi\u0119cej<\/a><\/p>\n","protected":false},"author":3,"featured_media":0,"parent":0,"menu_order":100,"comment_status":"closed","ping_status":"closed","template":"","meta":{"_lmt_disableupdate":"no","_lmt_disable":"","footnotes":""},"class_list":["post-14191","page","type-page","status-publish"],"amp_enabled":false,"_links":{"self":[{"href":"https:\/\/www.auribell.de\/pl\/wp-json\/wp\/v2\/pages\/14191","targetHints":{"allow":["GET"]}}],"collection":[{"href":"https:\/\/www.auribell.de\/pl\/wp-json\/wp\/v2\/pages"}],"about":[{"href":"https:\/\/www.auribell.de\/pl\/wp-json\/wp\/v2\/types\/page"}],"author":[{"embeddable":true,"href":"https:\/\/www.auribell.de\/pl\/wp-json\/wp\/v2\/users\/3"}],"replies":[{"embeddable":true,"href":"https:\/\/www.auribell.de\/pl\/wp-json\/wp\/v2\/comments?post=14191"}],"version-history":[{"count":0,"href":"https:\/\/www.auribell.de\/pl\/wp-json\/wp\/v2\/pages\/14191\/revisions"}],"wp:attachment":[{"href":"https:\/\/www.auribell.de\/pl\/wp-json\/wp\/v2\/media?parent=14191"}],"curies":[{"name":"wp","href":"https:\/\/api.w.org\/{rel}","templated":true}]}}